{"id":96,"date":"2018-06-18T06:57:57","date_gmt":"2018-06-18T06:57:57","guid":{"rendered":"https:\/\/teste.gtlaser.com.br\/?page_id=96"},"modified":"2023-02-07T11:26:30","modified_gmt":"2023-02-07T14:26:30","slug":"about","status":"publish","type":"page","link":"https:\/\/gtlaser.com.br\/?page_id=96","title":{"rendered":"Sobre"},"content":{"rendered":"<style>\/*! elementor - v3.10.2 - 29-01-2023 *\/\n.elementor-widget-image-box .elementor-image-box-content{width:100%}@media (min-width:768px){.elementor-widget-image-box.elementor-position-left .elementor-image-box-wrapper,.elementor-widget-image-box.elementor-position-right .elementor-image-box-wrapper{display:flex}.elementor-widget-image-box.elementor-position-right .elementor-image-box-wrapper{text-align:right;flex-direction:row-reverse}.elementor-widget-image-box.elementor-position-left .elementor-image-box-wrapper{text-align:left;flex-direction:row}.elementor-widget-image-box.elementor-position-top .elementor-image-box-img{margin:auto}.elementor-widget-image-box.elementor-vertical-align-top .elementor-image-box-wrapper{align-items:flex-start}.elementor-widget-image-box.elementor-vertical-align-middle .elementor-image-box-wrapper{align-items:center}.elementor-widget-image-box.elementor-vertical-align-bottom .elementor-image-box-wrapper{align-items:flex-end}}@media (max-width:767px){.elementor-widget-image-box .elementor-image-box-img{margin-left:auto!important;margin-right:auto!important;margin-bottom:15px}}.elementor-widget-image-box .elementor-image-box-img{display:inline-block}.elementor-widget-image-box .elementor-image-box-title a{color:inherit}.elementor-widget-image-box .elementor-image-box-wrapper{text-align:center}.elementor-widget-image-box .elementor-image-box-description{margin:0}<\/style>\n<h1>Conhe\u00e7a Nossa Empresa<\/h1>\n<h2>GT LASER<\/h2>\n<p>A GT Laser come\u00e7ou sua hist\u00f3ria no ano de 2015, atendendo um cliente apenas, o tempo foi passando e a vontade de crescer nos fez buscar inova\u00e7\u00e3o e com muita determina\u00e7\u00e3o hoje temos clientes em toda regi\u00e3o serrana e nosso foco \u00e9 conquistar clientes em todo o Brasil. Trabalhamos com diversos materiais, principalmente com o MDF, transformando-o em presentes, decora\u00e7\u00f5es, produtos diferenciados, criativos e despojados para deixar seu ambiente ainda mais bonito. Acreditamos que produzir pe\u00e7as aut\u00eanticas e originais, fazem com que as pessoas passem a olhar com outros olhos a import\u00e2ncia de um presente ou de uma pe\u00e7a de decora\u00e7\u00e3o. Nossa criatividade vai muito al\u00e9m do que se possa imaginar, navegue a vontade em nosso site e boas compras!<\/p>\n<style>\/*! elementor - v3.10.2 - 29-01-2023 *\/\n.elementor-widget-image{text-align:center}.elementor-widget-image a{display:inline-block}.elementor-widget-image a img[src$=\".svg\"]{width:48px}.elementor-widget-image img{vertical-align:middle;display:inline-block}<\/style>\n<p>\t\t\t\t\t\t\t\t\t\t\t\t<img decoding=\"async\" width=\"300\" height=\"300\" src=\"https:\/\/gtlaser.com.br\/wp-content\/uploads\/2022\/09\/img-03-300x300.jpg\" alt=\"\" loading=\"lazy\" srcset=\"https:\/\/gtlaser.com.br\/wp-content\/uploads\/2022\/09\/img-03-300x300.jpg 300w, https:\/\/gtlaser.com.br\/wp-content\/uploads\/2022\/09\/img-03-150x150.jpg 150w, https:\/\/gtlaser.com.br\/wp-content\/uploads\/2022\/09\/img-03-100x100.jpg 100w, https:\/\/gtlaser.com.br\/wp-content\/uploads\/2022\/09\/img-03.jpg 320w\" sizes=\"auto, (max-width: 300px) 100vw, 300px\" \/><br \/>\n\t\t\t\t\t\t\t\t\t\t\t\t\t\t\t<img decoding=\"async\" width=\"300\" height=\"300\" src=\"https:\/\/gtlaser.com.br\/wp-content\/uploads\/2022\/09\/img-01-300x300.jpg\" alt=\"\" loading=\"lazy\" srcset=\"https:\/\/gtlaser.com.br\/wp-content\/uploads\/2022\/09\/img-01-300x300.jpg 300w, https:\/\/gtlaser.com.br\/wp-content\/uploads\/2022\/09\/img-01-150x150.jpg 150w, https:\/\/gtlaser.com.br\/wp-content\/uploads\/2022\/09\/img-01-100x100.jpg 100w, https:\/\/gtlaser.com.br\/wp-content\/uploads\/2022\/09\/img-01.jpg 321w\" sizes=\"auto, (max-width: 300px) 100vw, 300px\" \/><br \/>\n\t\t\t\t\t\t\t\t\t\t\t\t\t\t\t<img decoding=\"async\" width=\"300\" height=\"167\" src=\"https:\/\/gtlaser.com.br\/wp-content\/uploads\/2022\/09\/banner-sobre-300x167.jpg\" alt=\"\" loading=\"lazy\" srcset=\"https:\/\/gtlaser.com.br\/wp-content\/uploads\/2022\/09\/banner-sobre-300x167.jpg 300w, https:\/\/gtlaser.com.br\/wp-content\/uploads\/2022\/09\/banner-sobre-1024x570.jpg 1024w, https:\/\/gtlaser.com.br\/wp-content\/uploads\/2022\/09\/banner-sobre-768x428.jpg 768w, https:\/\/gtlaser.com.br\/wp-content\/uploads\/2022\/09\/banner-sobre-600x334.jpg 600w, https:\/\/gtlaser.com.br\/wp-content\/uploads\/2022\/09\/banner-sobre.jpg 1473w\" sizes=\"auto, (max-width: 300px) 100vw, 300px\" \/><br \/>\n\t\t\t\t\t\t\t\t\t\t\t\t\t\t\t<img decoding=\"async\" width=\"239\" height=\"300\" src=\"https:\/\/gtlaser.com.br\/wp-content\/uploads\/2022\/09\/img-02-239x300.jpg\" alt=\"\" loading=\"lazy\" srcset=\"https:\/\/gtlaser.com.br\/wp-content\/uploads\/2022\/09\/img-02-239x300.jpg 239w, https:\/\/gtlaser.com.br\/wp-content\/uploads\/2022\/09\/img-02-817x1024.jpg 817w, https:\/\/gtlaser.com.br\/wp-content\/uploads\/2022\/09\/img-02-768x962.jpg 768w, https:\/\/gtlaser.com.br\/wp-content\/uploads\/2022\/09\/img-02-600x752.jpg 600w, https:\/\/gtlaser.com.br\/wp-content\/uploads\/2022\/09\/img-02.jpg 960w\" sizes=\"auto, (max-width: 239px) 100vw, 239px\" \/>\t\t\t\t\t\t\t\t\t\t\t\t\t\t\t<\/p>\n<figure><img decoding=\"async\" width=\"120\" height=\"120\" src=\"https:\/\/gtlaser.com.br\/wp-content\/uploads\/2021\/03\/shipping.png\" alt=\"\" loading=\"lazy\" \/><\/figure>\n<h4>Pedidos para a cidade de Lages e regi\u00e3o<\/h4>\n<p>retirar na loja em anexo ao Hipermercado Big.<\/p>\n<figure><img decoding=\"async\" width=\"120\" height=\"120\" src=\"https:\/\/gtlaser.com.br\/wp-content\/uploads\/2021\/03\/badge.png\" alt=\"\" loading=\"lazy\" \/><\/figure>\n<h4>Melhor Qualidade<\/h4>\n<p>trabalhamos com a melhores marcas para trazer novidades para voc\u00ea.<\/p>\n<figure><img decoding=\"async\" width=\"120\" height=\"120\" src=\"https:\/\/gtlaser.com.br\/wp-content\/uploads\/2021\/03\/discount.png\" alt=\"\" loading=\"lazy\" \/><\/figure>\n<h4>Melhores Ofertas<\/h4>\n<p>As melhores ofertas e promo\u00e7\u00f5es feitas especialmente para voc\u00ea se divertir.\n<\/p>\n<figure><img decoding=\"async\" width=\"120\" height=\"120\" src=\"https:\/\/gtlaser.com.br\/wp-content\/uploads\/2021\/03\/lock.png\" alt=\"\" loading=\"lazy\" \/><\/figure>\n<h4>Pagamento Seguro<\/h4>\n<p>Temos varias formas de pagamentos, todas facilitadas e seguras, escolha a que se encaixa melhor para voc\u00ea.<\/p>\n<style>\/*! elementor - v3.10.2 - 29-01-2023 *\/\n.elementor-column .elementor-spacer-inner{height:var(--spacer-size)}.e-con{--container-widget-width:100%}.e-con-inner>.elementor-widget-spacer,.e-con>.elementor-widget-spacer{width:var(--container-widget-width,var(--spacer-size));--align-self:var(--container-widget-align-self,initial);--flex-shrink:0}.e-con-inner>.elementor-widget-spacer>.elementor-widget-container,.e-con-inner>.elementor-widget-spacer>.elementor-widget-container>.elementor-spacer,.e-con>.elementor-widget-spacer>.elementor-widget-container,.e-con>.elementor-widget-spacer>.elementor-widget-container>.elementor-spacer{height:100%}.e-con-inner>.elementor-widget-spacer>.elementor-widget-container>.elementor-spacer>.elementor-spacer-inner,.e-con>.elementor-widget-spacer>.elementor-widget-container>.elementor-spacer>.elementor-spacer-inner{height:var(--container-widget-height,var(--spacer-size))}<\/style>\n","protected":false},"excerpt":{"rendered":"<p>Conhe\u00e7a Nossa Empresa GT LASER A GT Laser come\u00e7ou sua hist\u00f3ria no ano de 2015, atendendo um cliente apenas, o tempo foi passando e a vontade de crescer nos fez buscar inova\u00e7\u00e3o e com muita determina\u00e7\u00e3o hoje temos clientes em toda regi\u00e3o serrana e nosso foco \u00e9 conquistar clientes em todo o Brasil. Trabalhamos com [&hellip;]<\/p>\n","protected":false},"author":1,"featured_media":0,"parent":0,"menu_order":0,"comment_status":"closed","ping_status":"closed","template":"","meta":{"site-sidebar-layout":"no-sidebar","site-content-layout":"page-builder","ast-site-content-layout":"default","site-content-style":"default","site-sidebar-style":"default","ast-global-header-display":"","ast-banner-title-visibility":"","ast-main-header-display":"","ast-hfb-above-header-display":"","ast-hfb-below-header-display":"","ast-hfb-mobile-header-display":"","site-post-title":"disabled","ast-breadcrumbs-content":"","ast-featured-img":"disabled","footer-sml-layout":"","ast-disable-related-posts":"","theme-transparent-header-meta":"enabled","adv-header-id-meta":"","stick-header-meta":"","header-above-stick-meta":"","header-main-stick-meta":"","header-below-stick-meta":"","astra-migrate-meta-layouts":"default","ast-page-background-enabled":"default","ast-page-background-meta":{"desktop":{"background-color":"","background-image":"","background-repeat":"repeat","background-position":"center center","background-size":"auto","background-attachment":"scroll","background-type":"","background-media":"","overlay-type":"","overlay-color":"","overlay-opacity":"","overlay-gradient":""},"tablet":{"background-color":"","background-image":"","background-repeat":"repeat","background-position":"center center","background-size":"auto","background-attachment":"scroll","background-type":"","background-media":"","overlay-type":"","overlay-color":"","overlay-opacity":"","overlay-gradient":""},"mobile":{"background-color":"","background-image":"","background-repeat":"repeat","background-position":"center center","background-size":"auto","background-attachment":"scroll","background-type":"","background-media":"","overlay-type":"","overlay-color":"","overlay-opacity":"","overlay-gradient":""}},"ast-content-background-meta":{"desktop":{"background-color":"var(--ast-global-color-5)","background-image":"","background-repeat":"repeat","background-position":"center center","background-size":"auto","background-attachment":"scroll","background-type":"","background-media":"","overlay-type":"","overlay-color":"","overlay-opacity":"","overlay-gradient":""},"tablet":{"background-color":"var(--ast-global-color-5)","background-image":"","background-repeat":"repeat","background-position":"center center","background-size":"auto","background-attachment":"scroll","background-type":"","background-media":"","overlay-type":"","overlay-color":"","overlay-opacity":"","overlay-gradient":""},"mobile":{"background-color":"var(--ast-global-color-5)","background-image":"","background-repeat":"repeat","background-position":"center center","background-size":"auto","background-attachment":"scroll","background-type":"","background-media":"","overlay-type":"","overlay-color":"","overlay-opacity":"","overlay-gradient":""}},"footnotes":""},"class_list":["post-96","page","type-page","status-publish","hentry"],"_links":{"self":[{"href":"https:\/\/gtlaser.com.br\/index.php?rest_route=\/wp\/v2\/pages\/96","targetHints":{"allow":["GET"]}}],"collection":[{"href":"https:\/\/gtlaser.com.br\/index.php?rest_route=\/wp\/v2\/pages"}],"about":[{"href":"https:\/\/gtlaser.com.br\/index.php?rest_route=\/wp\/v2\/types\/page"}],"author":[{"embeddable":true,"href":"https:\/\/gtlaser.com.br\/index.php?rest_route=\/wp\/v2\/users\/1"}],"replies":[{"embeddable":true,"href":"https:\/\/gtlaser.com.br\/index.php?rest_route=%2Fwp%2Fv2%2Fcomments&post=96"}],"version-history":[{"count":68,"href":"https:\/\/gtlaser.com.br\/index.php?rest_route=\/wp\/v2\/pages\/96\/revisions"}],"predecessor-version":[{"id":3539,"href":"https:\/\/gtlaser.com.br\/index.php?rest_route=\/wp\/v2\/pages\/96\/revisions\/3539"}],"wp:attachment":[{"href":"https:\/\/gtlaser.com.br\/index.php?rest_route=%2Fwp%2Fv2%2Fmedia&parent=96"}],"curies":[{"name":"wp","href":"https:\/\/api.w.org\/{rel}","templated":true}]}}