{"id":99,"date":"2018-06-19T12:04:09","date_gmt":"2018-06-19T12:04:09","guid":{"rendered":"https:\/\/teste.gtlaser.com.br\/?page_id=99"},"modified":"2023-05-05T14:57:35","modified_gmt":"2023-05-05T17:57:35","slug":"my-account","status":"publish","type":"page","link":"https:\/\/gtlaser.com.br\/?page_id=99","title":{"rendered":"Minha conta"},"content":{"rendered":"<style>\/*! elementor - v3.12.2 - 23-04-2023 *\/\n.elementor-heading-title{padding:0;margin:0;line-height:1}.elementor-widget-heading .elementor-heading-title[class*=elementor-size-]>a{color:inherit;font-size:inherit;line-height:inherit}.elementor-widget-heading .elementor-heading-title.elementor-size-small{font-size:15px}.elementor-widget-heading .elementor-heading-title.elementor-size-medium{font-size:19px}.elementor-widget-heading .elementor-heading-title.elementor-size-large{font-size:29px}.elementor-widget-heading .elementor-heading-title.elementor-size-xl{font-size:39px}.elementor-widget-heading .elementor-heading-title.elementor-size-xxl{font-size:59px}<\/style>\n<h2>Minha conta<\/h2>\n<link rel=\"stylesheet\" href=\"https:\/\/gtlaser.com.br\/wp-content\/plugins\/elementor\/assets\/css\/widget-icon-box.min.css\">\n<h3>\n\t\t\t\t\t\tPainel<br \/>\n\t\t\t\t<\/h3>\n<h3>\n\t\t\t\t\t\tPedidos<br \/>\n\t\t\t\t<\/h3>\n<h3>\n\t\t\t\t\t\tEndere\u00e7o<br \/>\n\t\t\t\t<\/h3>\n<h3>\n\t\t\t\t\t\tDetalhes da conta<br \/>\n\t\t\t\t<\/h3>\n<h3>\n\t\t\t\t\t\tSair<br \/>\n\t\t\t\t<\/h3>\n<link rel=\"stylesheet\" href=\"https:\/\/gtlaser.com.br\/wp-content\/plugins\/elementor-pro\/assets\/css\/widget-woocommerce.min.css\">\n\t\t\t[woocommerce_my_account]<\/p>\n<nav>\n<ul>\n<li>\n\t\t\t\t<a href=\"https:\/\/gtlaser.com.br\/?page_id=99\">Painel<\/a>\n\t\t\t<\/li>\n<li>\n\t\t\t\t<a href=\"https:\/\/gtlaser.com.br\/?page_id=99&#038;pedidos\">Pedidos<\/a>\n\t\t\t<\/li>\n<li>\n\t\t\t\t<a href=\"https:\/\/gtlaser.com.br\/?page_id=99&#038;downloads\">Downloads<\/a>\n\t\t\t<\/li>\n<li>\n\t\t\t\t<a href=\"https:\/\/gtlaser.com.br\/?page_id=99&#038;endereco\">Endere\u00e7o<\/a>\n\t\t\t<\/li>\n<li>\n\t\t\t\t<a href=\"https:\/\/gtlaser.com.br\/?page_id=99&#038;editar-conta\">Detalhes da conta<\/a>\n\t\t\t<\/li>\n<li>\n\t\t\t\t<a href=\"https:\/\/gtlaser.com.br\/?page_id=99%3Felementor_wc_logout%3Dtrue&#038;elementor_my_account_redirect=https%3A%2F%2Fgtlaser.com.br%2F%3Fpage_id%3D99&#038;sair&#038;_wpnonce=9f515c6761\">Sair da conta<\/a>\n\t\t\t<\/li>\n<\/ul>\n<\/nav>\n<nav>\n<ul>\n<li>\n\t\t\t\t<a href=\"https:\/\/gtlaser.com.br\/?page_id=99\">Painel<\/a>\n\t\t\t<\/li>\n<li>\n\t\t\t\t<a href=\"https:\/\/gtlaser.com.br\/?page_id=99&#038;pedidos\">Pedidos<\/a>\n\t\t\t<\/li>\n<li>\n\t\t\t\t<a href=\"https:\/\/gtlaser.com.br\/?page_id=99&#038;downloads\">Downloads<\/a>\n\t\t\t<\/li>\n<li>\n\t\t\t\t<a href=\"https:\/\/gtlaser.com.br\/?page_id=99&#038;endereco\">Endere\u00e7o<\/a>\n\t\t\t<\/li>\n<li>\n\t\t\t\t<a href=\"https:\/\/gtlaser.com.br\/?page_id=99&#038;editar-conta\">Detalhes da conta<\/a>\n\t\t\t<\/li>\n<li>\n\t\t\t\t<a href=\"https:\/\/gtlaser.com.br\/?page_id=99%3Felementor_wc_logout%3Dtrue&#038;elementor_my_account_redirect=https%3A%2F%2Fgtlaser.com.br%2F%3Fpage_id%3D99&#038;sair&#038;_wpnonce=9f515c6761\">Sair da conta<\/a>\n\t\t\t<\/li>\n<\/ul>\n<\/nav>\n<p>\n\tOl\u00e1, <strong>Alanna<\/strong> (n\u00e3o \u00e9 <strong>Alanna<\/strong>? <a href=\"https:\/\/gtlaser.com.br\/?page_id=99%3Felementor_wc_logout%3Dtrue&#038;elementor_my_account_redirect=https%3A%2F%2Fgtlaser.com.br%2F%3Fpage_id%3D99&#038;sair&#038;_wpnonce=9f515c6761\">Sair<\/a>)<\/p>\n<p>\n\tA partir do painel de controle de sua conta, voc\u00ea pode ver suas <a href=\"https:\/\/gtlaser.com.br\/?page_id=99&#038;pedidos\">compras recentes<\/a>, gerenciar seus <a href=\"https:\/\/gtlaser.com.br\/?page_id=99&#038;endereco\">endere\u00e7os de entrega e faturamento<\/a>, e <a href=\"https:\/\/gtlaser.com.br\/?page_id=99&#038;editar-conta\">editar sua senha e detalhes da conta<\/a>.<\/p>\n<style>\/*! elementor - v3.12.2 - 23-04-2023 *\/\n.elementor-column .elementor-spacer-inner{height:var(--spacer-size)}.e-con{--container-widget-width:100%}.e-con-inner>.elementor-widget-spacer,.e-con>.elementor-widget-spacer{width:var(--container-widget-width,var(--spacer-size));--align-self:var(--container-widget-align-self,initial);--flex-shrink:0}.e-con-inner>.elementor-widget-spacer>.elementor-widget-container,.e-con-inner>.elementor-widget-spacer>.elementor-widget-container>.elementor-spacer,.e-con>.elementor-widget-spacer>.elementor-widget-container,.e-con>.elementor-widget-spacer>.elementor-widget-container>.elementor-spacer{height:100%}.e-con-inner>.elementor-widget-spacer>.elementor-widget-container>.elementor-spacer>.elementor-spacer-inner,.e-con>.elementor-widget-spacer>.elementor-widget-container>.elementor-spacer>.elementor-spacer-inner{height:var(--container-widget-height,var(--spacer-size))}<\/style>\n","protected":false},"excerpt":{"rendered":"<p>Minha conta Painel Pedidos Endere\u00e7o Detalhes da conta Sair Entrar Nome de usu\u00e1rio ou e-mail&nbsp;*Obrigat\u00f3rio Senha&nbsp;*Obrigat\u00f3rio Lembre-me Acessar Perdeu sua senha? Cadastre-se Endere\u00e7o de e-mail&nbsp;*Obrigat\u00f3rio Um link para definir uma nova senha ser\u00e1 enviado para seu endere\u00e7o de e-mail. Seus dados pessoais ser\u00e3o usados para aprimorar a sua experi\u00eancia em todo este site, para gerenciar [&hellip;]<\/p>\n","protected":false},"author":1,"featured_media":0,"parent":0,"menu_order":0,"comment_status":"closed","ping_status":"closed","template":"","meta":{"site-sidebar-layout":"default","site-content-layout":"default","ast-site-content-layout":"default","site-content-style":"default","site-sidebar-style":"default","ast-global-header-display":"","ast-banner-title-visibility":"","ast-main-header-display":"","ast-hfb-above-header-display":"","ast-hfb-below-header-display":"","ast-hfb-mobile-header-display":"","site-post-title":"disabled","ast-breadcrumbs-content":"","ast-featured-img":"disabled","footer-sml-layout":"","ast-disable-related-posts":"","theme-transparent-header-meta":"default","adv-header-id-meta":"","stick-header-meta":"","header-above-stick-meta":"","header-main-stick-meta":"","header-below-stick-meta":"","astra-migrate-meta-layouts":"default","ast-page-background-enabled":"default","ast-page-background-meta":{"desktop":{"background-color":"","background-image":"","background-repeat":"repeat","background-position":"center center","background-size":"auto","background-attachment":"scroll","background-type":"","background-media":"","overlay-type":"","overlay-color":"","overlay-opacity":"","overlay-gradient":""},"tablet":{"background-color":"","background-image":"","background-repeat":"repeat","background-position":"center center","background-size":"auto","background-attachment":"scroll","background-type":"","background-media":"","overlay-type":"","overlay-color":"","overlay-opacity":"","overlay-gradient":""},"mobile":{"background-color":"","background-image":"","background-repeat":"repeat","background-position":"center center","background-size":"auto","background-attachment":"scroll","background-type":"","background-media":"","overlay-type":"","overlay-color":"","overlay-opacity":"","overlay-gradient":""}},"ast-content-background-meta":{"desktop":{"background-color":"var(--ast-global-color-5)","background-image":"","background-repeat":"repeat","background-position":"center center","background-size":"auto","background-attachment":"scroll","background-type":"","background-media":"","overlay-type":"","overlay-color":"","overlay-opacity":"","overlay-gradient":""},"tablet":{"background-color":"var(--ast-global-color-5)","background-image":"","background-repeat":"repeat","background-position":"center center","background-size":"auto","background-attachment":"scroll","background-type":"","background-media":"","overlay-type":"","overlay-color":"","overlay-opacity":"","overlay-gradient":""},"mobile":{"background-color":"var(--ast-global-color-5)","background-image":"","background-repeat":"repeat","background-position":"center center","background-size":"auto","background-attachment":"scroll","background-type":"","background-media":"","overlay-type":"","overlay-color":"","overlay-opacity":"","overlay-gradient":""}},"footnotes":""},"class_list":["post-99","page","type-page","status-publish","hentry"],"_links":{"self":[{"href":"https:\/\/gtlaser.com.br\/index.php?rest_route=\/wp\/v2\/pages\/99","targetHints":{"allow":["GET"]}}],"collection":[{"href":"https:\/\/gtlaser.com.br\/index.php?rest_route=\/wp\/v2\/pages"}],"about":[{"href":"https:\/\/gtlaser.com.br\/index.php?rest_route=\/wp\/v2\/types\/page"}],"author":[{"embeddable":true,"href":"https:\/\/gtlaser.com.br\/index.php?rest_route=\/wp\/v2\/users\/1"}],"replies":[{"embeddable":true,"href":"https:\/\/gtlaser.com.br\/index.php?rest_route=%2Fwp%2Fv2%2Fcomments&post=99"}],"version-history":[{"count":29,"href":"https:\/\/gtlaser.com.br\/index.php?rest_route=\/wp\/v2\/pages\/99\/revisions"}],"predecessor-version":[{"id":4881,"href":"https:\/\/gtlaser.com.br\/index.php?rest_route=\/wp\/v2\/pages\/99\/revisions\/4881"}],"wp:attachment":[{"href":"https:\/\/gtlaser.com.br\/index.php?rest_route=%2Fwp%2Fv2%2Fmedia&parent=99"}],"curies":[{"name":"wp","href":"https:\/\/api.w.org\/{rel}","templated":true}]}}