{"id":2965,"date":"2022-11-08T16:56:36","date_gmt":"2022-11-08T19:56:36","guid":{"rendered":"https:\/\/teste.gtlaser.com.br\/?post_type=product&#038;p=2965"},"modified":"2023-05-19T17:45:12","modified_gmt":"2023-05-19T20:45:12","slug":"placa-de-identificacao-setor-acrilico-5","status":"publish","type":"product","link":"https:\/\/gtlaser.com.br\/?product=placa-de-identificacao-setor-acrilico-5","title":{"rendered":"Placa de Identifica\u00e7\u00e3o Setor"},"content":{"rendered":"<p><strong>Tamanho:<\/strong> 23cm x 20cm<\/p>\n<p><strong>Material:<\/strong> Duas camadas sobrepostas, base em acr\u00edlico preto brilho 3mm com apliques em acr\u00edlico branco leitoso 3mm, frente em acr\u00edlico cristal com adesivo cinza e apliques em acr\u00edlico preto brilho 3mm.<\/p>\n","protected":false},"excerpt":{"rendered":"<p>Tamanho: 23cm x 20cm Material: Duas camadas sobrepostas, base em acr\u00edlico preto brilho 3mm com apliques em acr\u00edlico branco leitoso 3mm, frente em acr\u00edlico cristal com adesivo cinza e apliques em acr\u00edlico preto brilho 3mm.<\/p>\n","protected":false},"featured_media":5231,"template":"","meta":{"site-sidebar-layout":"default","site-content-layout":"default","ast-site-content-layout":"default","site-content-style":"default","site-sidebar-style":"default","ast-global-header-display":"","ast-banner-title-visibility":"","ast-main-header-display":"","ast-hfb-above-header-display":"","ast-hfb-below-header-display":"","ast-hfb-mobile-header-display":"","site-post-title":"","ast-breadcrumbs-content":"","ast-featured-img":"","footer-sml-layout":"","ast-disable-related-posts":"","theme-transparent-header-meta":"default","adv-header-id-meta":"","stick-header-meta":"","header-above-stick-meta":"","header-main-stick-meta":"","header-below-stick-meta":"","astra-migrate-meta-layouts":"default","ast-page-background-enabled":"default","ast-page-background-meta":{"desktop":{"background-color":"","background-image":"","background-repeat":"repeat","background-position":"center center","background-size":"auto","background-attachment":"scroll","background-type":"","background-media":"","overlay-type":"","overlay-color":"","overlay-opacity":"","overlay-gradient":""},"tablet":{"background-color":"","background-image":"","background-repeat":"repeat","background-position":"center center","background-size":"auto","background-attachment":"scroll","background-type":"","background-media":"","overlay-type":"","overlay-color":"","overlay-opacity":"","overlay-gradient":""},"mobile":{"background-color":"","background-image":"","background-repeat":"repeat","background-position":"center center","background-size":"auto","background-attachment":"scroll","background-type":"","background-media":"","overlay-type":"","overlay-color":"","overlay-opacity":"","overlay-gradient":""}},"ast-content-background-meta":{"desktop":{"background-color":"var(--ast-global-color-5)","background-image":"","background-repeat":"repeat","background-position":"center center","background-size":"auto","background-attachment":"scroll","background-type":"","background-media":"","overlay-type":"","overlay-color":"","overlay-opacity":"","overlay-gradient":""},"tablet":{"background-color":"var(--ast-global-color-5)","background-image":"","background-repeat":"repeat","background-position":"center center","background-size":"auto","background-attachment":"scroll","background-type":"","background-media":"","overlay-type":"","overlay-color":"","overlay-opacity":"","overlay-gradient":""},"mobile":{"background-color":"var(--ast-global-color-5)","background-image":"","background-repeat":"repeat","background-position":"center center","background-size":"auto","background-attachment":"scroll","background-type":"","background-media":"","overlay-type":"","overlay-color":"","overlay-opacity":"","overlay-gradient":""}}},"product_brand":[],"product_cat":[129],"product_tag":[],"class_list":{"0":"post-2965","1":"product","2":"type-product","3":"status-publish","4":"has-post-thumbnail","6":"product_cat-placas-de-identificacao","7":"desktop-align-left","8":"tablet-align-left","9":"mobile-align-left","11":"first","12":"instock","13":"shipping-taxable","14":"purchasable","15":"product-type-simple"},"_links":{"self":[{"href":"https:\/\/gtlaser.com.br\/index.php?rest_route=\/wp\/v2\/product\/2965","targetHints":{"allow":["GET"]}}],"collection":[{"href":"https:\/\/gtlaser.com.br\/index.php?rest_route=\/wp\/v2\/product"}],"about":[{"href":"https:\/\/gtlaser.com.br\/index.php?rest_route=\/wp\/v2\/types\/product"}],"wp:featuredmedia":[{"embeddable":true,"href":"https:\/\/gtlaser.com.br\/index.php?rest_route=\/wp\/v2\/media\/5231"}],"wp:attachment":[{"href":"https:\/\/gtlaser.com.br\/index.php?rest_route=%2Fwp%2Fv2%2Fmedia&parent=2965"}],"wp:term":[{"taxonomy":"product_brand","embeddable":true,"href":"https:\/\/gtlaser.com.br\/index.php?rest_route=%2Fwp%2Fv2%2Fproduct_brand&post=2965"},{"taxonomy":"product_cat","embeddable":true,"href":"https:\/\/gtlaser.com.br\/index.php?rest_route=%2Fwp%2Fv2%2Fproduct_cat&post=2965"},{"taxonomy":"product_tag","embeddable":true,"href":"https:\/\/gtlaser.com.br\/index.php?rest_route=%2Fwp%2Fv2%2Fproduct_tag&post=2965"}],"curies":[{"name":"wp","href":"https:\/\/api.w.org\/{rel}","templated":true}]}}