{"id":3780,"date":"2023-03-06T11:51:33","date_gmt":"2023-03-06T14:51:33","guid":{"rendered":"https:\/\/gtlaser.com.br\/?post_type=product&#038;p=3780"},"modified":"2023-05-19T17:59:25","modified_gmt":"2023-05-19T20:59:25","slug":"placa-pix-acrilico","status":"publish","type":"product","link":"https:\/\/gtlaser.com.br\/?product=placa-pix-acrilico","title":{"rendered":"Placa PIX + Wi-fi"},"content":{"rendered":"<p><strong>Tamanho:<\/strong> 30 cm altura x 15 cm largura<\/p>\n<p><strong>Material:<\/strong> Acr\u00edlico 3mm, apliques em acr\u00edlico espelhado 2mm gravados \u00e0 laser, com Qr code impresso em adesivo.<\/p>\n","protected":false},"excerpt":{"rendered":"<p>Tamanho: 30 cm altura x 15 cm largura Material: Acr\u00edlico 3mm, apliques em acr\u00edlico espelhado 2mm gravados \u00e0 laser, com Qr code impresso em adesivo.<\/p>\n","protected":false},"featured_media":5235,"template":"","meta":{"site-sidebar-layout":"default","site-content-layout":"default","ast-site-content-layout":"default","site-content-style":"default","site-sidebar-style":"default","ast-global-header-display":"","ast-banner-title-visibility":"","ast-main-header-display":"","ast-hfb-above-header-display":"","ast-hfb-below-header-display":"","ast-hfb-mobile-header-display":"","site-post-title":"","ast-breadcrumbs-content":"","ast-featured-img":"","footer-sml-layout":"","ast-disable-related-posts":"","theme-transparent-header-meta":"default","adv-header-id-meta":"","stick-header-meta":"","header-above-stick-meta":"","header-main-stick-meta":"","header-below-stick-meta":"","astra-migrate-meta-layouts":"default","ast-page-background-enabled":"default","ast-page-background-meta":{"desktop":{"background-color":"","background-image":"","background-repeat":"repeat","background-position":"center center","background-size":"auto","background-attachment":"scroll","background-type":"","background-media":"","overlay-type":"","overlay-color":"","overlay-opacity":"","overlay-gradient":""},"tablet":{"background-color":"","background-image":"","background-repeat":"repeat","background-position":"center center","background-size":"auto","background-attachment":"scroll","background-type":"","background-media":"","overlay-type":"","overlay-color":"","overlay-opacity":"","overlay-gradient":""},"mobile":{"background-color":"","background-image":"","background-repeat":"repeat","background-position":"center center","background-size":"auto","background-attachment":"scroll","background-type":"","background-media":"","overlay-type":"","overlay-color":"","overlay-opacity":"","overlay-gradient":""}},"ast-content-background-meta":{"desktop":{"background-color":"var(--ast-global-color-5)","background-image":"","background-repeat":"repeat","background-position":"center center","background-size":"auto","background-attachment":"scroll","background-type":"","background-media":"","overlay-type":"","overlay-color":"","overlay-opacity":"","overlay-gradient":""},"tablet":{"background-color":"var(--ast-global-color-5)","background-image":"","background-repeat":"repeat","background-position":"center center","background-size":"auto","background-attachment":"scroll","background-type":"","background-media":"","overlay-type":"","overlay-color":"","overlay-opacity":"","overlay-gradient":""},"mobile":{"background-color":"var(--ast-global-color-5)","background-image":"","background-repeat":"repeat","background-position":"center center","background-size":"auto","background-attachment":"scroll","background-type":"","background-media":"","overlay-type":"","overlay-color":"","overlay-opacity":"","overlay-gradient":""}}},"product_brand":[],"product_cat":[128],"product_tag":[],"class_list":{"0":"post-3780","1":"product","2":"type-product","3":"status-publish","4":"has-post-thumbnail","6":"product_cat-placas-pix","7":"desktop-align-left","8":"tablet-align-left","9":"mobile-align-left","11":"first","12":"instock","13":"shipping-taxable","14":"purchasable","15":"product-type-simple"},"_links":{"self":[{"href":"https:\/\/gtlaser.com.br\/index.php?rest_route=\/wp\/v2\/product\/3780","targetHints":{"allow":["GET"]}}],"collection":[{"href":"https:\/\/gtlaser.com.br\/index.php?rest_route=\/wp\/v2\/product"}],"about":[{"href":"https:\/\/gtlaser.com.br\/index.php?rest_route=\/wp\/v2\/types\/product"}],"wp:featuredmedia":[{"embeddable":true,"href":"https:\/\/gtlaser.com.br\/index.php?rest_route=\/wp\/v2\/media\/5235"}],"wp:attachment":[{"href":"https:\/\/gtlaser.com.br\/index.php?rest_route=%2Fwp%2Fv2%2Fmedia&parent=3780"}],"wp:term":[{"taxonomy":"product_brand","embeddable":true,"href":"https:\/\/gtlaser.com.br\/index.php?rest_route=%2Fwp%2Fv2%2Fproduct_brand&post=3780"},{"taxonomy":"product_cat","embeddable":true,"href":"https:\/\/gtlaser.com.br\/index.php?rest_route=%2Fwp%2Fv2%2Fproduct_cat&post=3780"},{"taxonomy":"product_tag","embeddable":true,"href":"https:\/\/gtlaser.com.br\/index.php?rest_route=%2Fwp%2Fv2%2Fproduct_tag&post=3780"}],"curies":[{"name":"wp","href":"https:\/\/api.w.org\/{rel}","templated":true}]}}